{"id":9,"date":"2012-08-20T02:53:42","date_gmt":"2012-08-20T10:53:42","guid":{"rendered":"http:\/\/lohnbetrieb-hoffmann.de\/lobeho\/?page_id=9"},"modified":"2014-03-31T08:39:41","modified_gmt":"2014-03-31T16:39:41","slug":"unsere-dienstleistung","status":"publish","type":"page","link":"http:\/\/lohnbetrieb-hoffmann.de\/lobeho\/?page_id=9","title":{"rendered":"Unsere Dienstleistung"},"content":{"rendered":"<h1>Getreideernte<\/h1>\n<p>Wir sind sowohl im Gro\u00dfraum Heppenheim\u00a0<a href=\"http:\/\/www.openstreetmap.de\/karte.html?zoom=12&amp;lat=49.75958&amp;lon=8.57021&amp;layers=B00FT\" target=\"_blank\"><strong>(Karte)<\/strong><\/a>\u00a0als auch in Heroldstatt auf der Schw\u00e4bischen Alb\u00a0<a href=\"http:\/\/www.openstreetmap.de\/karte.html?zoom=12&amp;lat=48.45515&amp;lon=9.61091&amp;layers=B00FT\" target=\"_blank\"><strong>(Karte)<\/strong><\/a>\u00a0t\u00e4tig und ernten die verschiedensten Getreidesorten. Auf den folgenden Seiten von\u00a0<a href=\"http:\/\/de.wikipedia.org\/\">Wikipedia<\/a>\u00a0werden diese und andere Sorten vorgestellt.<\/p>\n<p>Einen \u00fcberblick \u00fcber alle \u00fcblichen Getreidesorten gibt es\u00a0<a href=\"http:\/\/de.wikipedia.org\/wiki\/Getreide\">hier<\/a>. Wenn Sie auf eines der Bilder unten klicken bekommen Sie noch mehr Informationen zu den einzelnen Getreidesorten:<\/p>\n<table width=\"1043\" border=\"0\">\n<tbody>\n<tr>\n<td>\n<div align=\"center\"><strong>Weizen<\/strong><\/div>\n<div align=\"center\"><a href=\"http:\/\/de.wikipedia.org\/wiki\/Weizen\" target=\"_blank\"><img alt=\"Weizenfeld bei Heroldstatt-Sontheim\" src=\"http:\/\/lohnbetrieb-hoffmann.de\/images\/mini\/weizen.jpg\" \/><\/a><\/div>\n<div align=\"center\"><\/div>\n<div align=\"center\"><\/div>\n<div align=\"center\"><strong>Gerste<\/strong><\/div>\n<div align=\"center\"><a href=\"http:\/\/de.wikipedia.org\/wiki\/Gerste\" target=\"_blank\"><img alt=\"Gerstenfeld bei Heroldstatt-Sontheim\" src=\"http:\/\/lohnbetrieb-hoffmann.de\/images\/mini\/gerste.jpg\" \/><\/a><\/div>\n<\/td>\n<td>\n<div align=\"center\"><strong>Triticale<\/strong><\/div>\n<div align=\"center\"><a href=\"http:\/\/de.wikipedia.org\/wiki\/Triticale\" target=\"_blank\"><img alt=\"Triticale bei Laichingen-Feldstetten\" src=\"http:\/\/lohnbetrieb-hoffmann.de\/images\/mini\/triticale.jpg\" \/><\/a><\/div>\n<div align=\"center\"><\/div>\n<div align=\"center\"><strong>Roggen<\/strong><\/div>\n<div align=\"center\"><a href=\"http:\/\/de.wikipedia.org\/wiki\/Roggen\" target=\"_blank\"><img alt=\"Roggenfeld beim Beck in Einhausen\" src=\"http:\/\/lohnbetrieb-hoffmann.de\/images\/mini\/roggen.jpg\" \/><\/a><\/div>\n<\/td>\n<td>\n<div align=\"center\"><strong>Raps<\/strong><\/div>\n<div align=\"center\"><a href=\"http:\/\/de.wikipedia.org\/wiki\/Raps\" target=\"_blank\"><img alt=\"Rapsfeld bei Magstadt\" src=\"http:\/\/lohnbetrieb-hoffmann.de\/images\/mini\/raps.jpg\" \/><\/a><\/div>\n<div align=\"center\"><\/div>\n<div align=\"center\"><strong>Fenchel<\/strong><\/div>\n<div align=\"center\"><a href=\"http:\/\/de.wikipedia.org\/wiki\/Fenchel\" target=\"_blank\"><img alt=\"Fenchelfeld\" src=\"http:\/\/lohnbetrieb-hoffmann.de\/images\/mini\/fenchel.jpg\" \/><\/a><\/div>\n<\/td>\n<td>\n<div align=\"center\"><strong>Dinkel<\/strong><\/div>\n<div align=\"center\"><a href=\"http:\/\/de.wikipedia.org\/wiki\/Dinkel\" target=\"_blank\"><img alt=\"Dinkelfeld bei Heroldstatt-Sontheim\" src=\"http:\/\/lohnbetrieb-hoffmann.de\/images\/mini\/dinkel.jpg\" \/><\/a><\/div>\n<div align=\"center\"><\/div>\n<div align=\"center\"><strong>Hafer<\/strong><\/div>\n<div align=\"center\"><a href=\"http:\/\/de.wikipedia.org\/wiki\/Saat-Hafer\" target=\"_blank\"><img alt=\"Hafer bei Heroldstatt-Sontheim\" src=\"http:\/\/lohnbetrieb-hoffmann.de\/images\/mini\/hafer.jpg\" \/><\/a><\/div>\n<\/td>\n<td>\n<div align=\"center\"><strong>\u00a0<\/strong><\/div>\n<div align=\"center\"><\/div>\n<\/td>\n<td>\n<div align=\"center\"><strong>\u00a0<\/strong><\/div>\n<div align=\"center\"><\/div>\n<\/td>\n<td>\n<div align=\"center\"><strong>\u00a0<\/strong><\/div>\n<div align=\"center\"><\/div>\n<\/td>\n<td>\n<div align=\"center\"><strong>\u00a0<\/strong><\/div>\n<div align=\"center\"><\/div>\n<\/td>\n<\/tr>\n<\/tbody>\n<\/table>\n<h1>Maisernte<\/h1>\n<p>Die Maisernte findet nur in S\u00fcdhessen im Gro\u00dfraum Bensheim \/ Heppenheim statt.<\/p>\n<h1>Waldarbeit<\/h1>\n<p>F\u00fcr die Waldarbeit steht ein Xylon mit Pfanzelt-Forstaufbau f\u00fcr Langholz, eine Kombi-Maschine &#8220;Felix&#8221; f\u00fcr Lang- und Kurzholz sowie ein R\u00fcckezug f\u00fcr Kurzholz zur Verf\u00fcgung.<\/p>\n","protected":false},"excerpt":{"rendered":"<p>Getreideernte Wir sind sowohl im Gro\u00dfraum Heppenheim\u00a0(Karte)\u00a0als auch in Heroldstatt auf der Schw\u00e4bischen Alb\u00a0(Karte)\u00a0t\u00e4tig und ernten die verschiedensten Getreidesorten. Auf den folgenden Seiten von\u00a0Wikipedia\u00a0werden diese und andere Sorten vorgestellt. Einen \u00fcberblick \u00fcber alle \u00fcblichen Getreidesorten gibt es\u00a0hier. Wenn Sie auf &hellip; <a href=\"http:\/\/lohnbetrieb-hoffmann.de\/lobeho\/?page_id=9\">Continue reading <span class=\"meta-nav\">&rarr;<\/span><\/a><\/p>\n","protected":false},"author":1,"featured_media":0,"parent":0,"menu_order":20,"comment_status":"closed","ping_status":"closed","template":"","meta":[],"_links":{"self":[{"href":"http:\/\/lohnbetrieb-hoffmann.de\/lobeho\/index.php?rest_route=\/wp\/v2\/pages\/9"}],"collection":[{"href":"http:\/\/lohnbetrieb-hoffmann.de\/lobeho\/index.php?rest_route=\/wp\/v2\/pages"}],"about":[{"href":"http:\/\/lohnbetrieb-hoffmann.de\/lobeho\/index.php?rest_route=\/wp\/v2\/types\/page"}],"author":[{"embeddable":true,"href":"http:\/\/lohnbetrieb-hoffmann.de\/lobeho\/index.php?rest_route=\/wp\/v2\/users\/1"}],"replies":[{"embeddable":true,"href":"http:\/\/lohnbetrieb-hoffmann.de\/lobeho\/index.php?rest_route=%2Fwp%2Fv2%2Fcomments&post=9"}],"version-history":[{"count":10,"href":"http:\/\/lohnbetrieb-hoffmann.de\/lobeho\/index.php?rest_route=\/wp\/v2\/pages\/9\/revisions"}],"predecessor-version":[{"id":754,"href":"http:\/\/lohnbetrieb-hoffmann.de\/lobeho\/index.php?rest_route=\/wp\/v2\/pages\/9\/revisions\/754"}],"wp:attachment":[{"href":"http:\/\/lohnbetrieb-hoffmann.de\/lobeho\/index.php?rest_route=%2Fwp%2Fv2%2Fmedia&parent=9"}],"curies":[{"name":"wp","href":"https:\/\/api.w.org\/{rel}","templated":true}]}}